{"id":932,"date":"2022-03-15T11:52:50","date_gmt":"2022-03-15T10:52:50","guid":{"rendered":"https:\/\/www.msshkg.com.ba\/?page_id=932"},"modified":"2022-03-17T08:24:36","modified_gmt":"2022-03-17T07:24:36","slug":"elektricar","status":"publish","type":"page","link":"https:\/\/www.msshkg.com.ba\/index.php\/elektricar\/","title":{"rendered":"Elektri\u010dar"},"content":{"rendered":"\r\n<figure class=\"wp-block-image size-medium\" style=\"text-align: justify;\"><img loading=\"lazy\" decoding=\"async\" width=\"300\" height=\"200\" class=\"wp-image-933\" src=\"https:\/\/www.msshkg.com.ba\/wp-content\/uploads\/2022\/03\/Elektricar-300x200.jpg\" alt=\"\" srcset=\"https:\/\/www.msshkg.com.ba\/wp-content\/uploads\/2022\/03\/Elektricar-300x200.jpg 300w, https:\/\/www.msshkg.com.ba\/wp-content\/uploads\/2022\/03\/Elektricar.jpg 768w\" sizes=\"auto, (max-width: 300px) 100vw, 300px\" \/><\/figure>\r\n\r\n\r\n\r\n<h2 class=\"wp-block-heading\" style=\"text-align: justify;\">Elektri\u010dar<\/h2>\r\n\r\n\r\n\r\n<p style=\"text-align: justify;\"><strong>ZANIMANJE ELEKTROTEHNI\u010cKE STRUKE<br \/>3 godine<\/strong><\/p>\r\n\r\n\r\n<hr class=\"wp-block-separator\" \/>\r\n\r\n\r\n<p style=\"text-align: justify;\"><strong>Nivo slo\u017eenosti:<\/strong><br \/>III, trogodi\u0161nja stru\u010dna \u0161kola<\/p>\r\n\r\n\r\n\r\n<p style=\"text-align: justify;\"><strong>Stru\u010dne kvalifikacije<\/strong><\/p>\r\n\r\n\r\n\r\n<ul class=\"wp-block-list\" style=\"text-align: justify;\">\r\n<li>Posjeduje teorijska i prakti\u010dna znanja iz osnova elektrotehnike;<\/li>\r\n<li>Poznaje elektrotehni\u010dke materijale, elektri\u010dne i elektronske komponente i sklopove;<\/li>\r\n<li>Izvodi elektromonterske radove i vr\u0161i potrebna mjerenja;<\/li>\r\n<li>Posjeduje osnovna znanja za monta\u017eu, ispitivanje i kontrolu, pu\u0161tanje u rad, rukovanje i odr\u017eavanje elektroenergetskih postrojenja i ure\u0111aja;<\/li>\r\n<li>Poznaje osnovna impulsna kola i osnovna integrisana kola;<\/li>\r\n<li>Posjeduje osnovna znanja o instaliranju i programiranju PLC ure\u0111aja (programabilnih logi\u010dkih kontrolera PLC \u2013 Programmable Logic Controllers);<\/li>\r\n<li>Posjeduje osnovna znanja za funkcionalni rad i instaliranje osnovnih elemenata automatike.<\/li>\r\n<\/ul>\r\n\r\n\r\n\r\n<p style=\"text-align: justify;\"><strong>Opis poslova<\/strong><\/p>\r\n\r\n\r\n\r\n<p style=\"text-align: justify;\">\u2003Elektri\u010dari razvode elektri\u010dne kablove i odr\u017eavaju elektri\u010dne mre\u017ee u objektima i na dalekovodima. Elektri\u010dari i proizvode, montiraju, kontroli\u0161u i odr\u017eavaju elektronske sklopove, ure\u017eaje i opremu, izvode elektromonterske radove i vr\u0161i potrebna mjerenja te odr\u017eavaju i popravljaju ure\u0111aje i opremu za audiotehniku i videotehniku. Mogu raditi u industriji i raznim organizacijama koje trebaju njihove usluge.<\/p>\r\n\r\n\r\n\r\n<p style=\"text-align: justify;\">\u2003Da bi mogli uspje\u0161no raditi, moraju poznavati na\u010dela rada elektroni\u010dkih mjernih instrumenata, postupke obrade materijala i komponenata, djelovanje spojeva, sastavnih dijelova i mehanizama koji se primjenjuju u elektroni\u010dkim ure\u0111ajima.<\/p>\r\n\r\n\r\n\r\n<p style=\"text-align: justify;\">\u2003Trebaju poznavati elektronske komponente i digitalnu elektroniku. Prilikom rutinskog servisa oni instaliraju, testiraju i popravljaju opremu, kako bi provjerili da li ispravno funkcioni\u0161e.Vode detaljne bilje\u0161ke o svakom dijelu opreme, kako bi bili evidentirani podaci o popravcima i problemima. Kada nastane kvar na elektroni\u010dkoj opremi, prvo trebaju prou\u010diti na\u010din rada opreme. Zatim provjeravaju uobi\u010dajene uzroke kvarova, kao \u0161to su gubitak veza ili o\u0161te\u0107enje na komponentama. Ako ne mogu utvrditi uzrok kvara rutinskom provjerom, koriste se nacrtima i proizvo\u0111a\u010devim specifikacijama koje sadr\u017ee razne upute za lokaciju problema. Pojedini dijelovi opreme mogu se samodijagnosticirati, \u0161to olak\u0161ava posao. Kada otkriju izvor problema, otklanjaju kvarove strujnoga kola, zamjenjuju defektne komponente i vodove, te prilago\u0111avaju i kalibriraju opremu ru\u010dnim alatom, kao \u0161to su klije\u0161ta i odvija\u010di, kao i mjernim instrumentima.<\/p>\r\n\r\n\r\n\r\n<p style=\"text-align: justify;\"><strong>Radni uvjeti<\/strong><\/p>\r\n\r\n\r\n\r\n<p style=\"text-align: justify;\">\u2003U poslu se ne mogu izbje\u0107i neugodni polo\u017eaji tijela. Podi\u017eu i spu\u0161taju aparate s kojima rade, puno se saginju, kle\u010de, a i podvla\u010de se ispod opreme. U industriji rade smjenski, a pogoni u kojima rade mogu biti bu\u010dni, ne\u010disti i slabo prozra\u010deni. Konsultiraju ih u slu\u010daju kvara na elektronskoj opremi. Elektri\u010dari u servisima elektroni\u010dke opreme uglavnom rade u prostorijama koje su mirne, osvijetljene i prozra\u010dene. Moraju se spremno odazvati pozivu klijenata. Dio vremena provode na terenu i na putovanju. Moraju slijediti mjere za\u0161tite na radu, kako bi izbjegli manje opekotine i ozljede nastale od strujnog udara.<\/p>\r\n\r\n\r\n\r\n<p style=\"text-align: justify;\"><strong>Po\u017eeljne osobine, osposobljavanje, zapo\u0161ljavanje i napredovanje<\/strong><\/p>\r\n\r\n\r\n\r\n<p style=\"text-align: justify;\">\u2003Zbog rada s raznobojnim i sitnim dijelovima opreme, za elektri\u010dare nu\u017ean je uslov dobar vid na blizinu i sposobnost razlikovanja osnovnih boja. Moraju imati spretnost ruku i prstiju te dobru koordinacija pokreta s vidnim podacima. Trebaju biti fizi\u010dki i psihi\u010dki zdrave osobe. Sposobnost da se brzo i ta\u010dno utvrdi kvar jedna je od najva\u017enijih sposobnosti u ovom zanimanju. Kako bi savladala zahtjeve zanimanja, osoba mora biti bar prosje\u010dno intelektualno razvijena. Moraju imati i sposobnost rje\u0161avanja tehni\u010dkih problema kao i sklonost preciznom radu. Zbog \u010destog komuniciranja s mu\u0161terijama po\u017eeljne su emocionalno stabilne i ljubazne osobe.<\/p>\r\n\r\n\r\n\r\n<p style=\"text-align: justify;\">\u2003Osposobljavanje za zanimanje elektri\u010dara odvija se u srednjim stru\u010dnim \u0161kolama i traje tri godine. Budu\u0107i da zanimanje eletri\u010dara nije mogu\u0107e izu\u010diti prete\u017eno prakti\u010dnim pristupom, za razliku od jednostavnijih zanatskih zanimanja, naglasak je na znanju. Naime, elektronski element ili sklop ne mijenja se zato \u0161to se na njemu mo\u017ee opaziti da je neispravan, ve\u0107 zato \u0161to se to mo\u017ee utvrditi razmi\u0161ljanjem. Oni koji rade u ovom zanimanju rade prvo kao pomo\u0107nici u servisima i preduze\u0107ima ili se zapo\u0161ljavaju u tvornicama. U servisima postoje relativno dobre mogu\u0107nosti zarade.<\/p>\r\n\r\n\r\n\r\n<figure class=\"wp-block-image size-full\" style=\"text-align: justify;\"><img loading=\"lazy\" decoding=\"async\" width=\"605\" height=\"546\" class=\"wp-image-934\" src=\"https:\/\/www.msshkg.com.ba\/wp-content\/uploads\/2022\/03\/np_elektricar_opci.png\" alt=\"\" srcset=\"https:\/\/www.msshkg.com.ba\/wp-content\/uploads\/2022\/03\/np_elektricar_opci.png 605w, https:\/\/www.msshkg.com.ba\/wp-content\/uploads\/2022\/03\/np_elektricar_opci-300x271.png 300w\" sizes=\"auto, (max-width: 605px) 100vw, 605px\" \/><\/figure>\r\n\r\n\r\n\r\n<figure class=\"wp-block-image size-full\" style=\"text-align: justify;\"><img loading=\"lazy\" decoding=\"async\" width=\"607\" height=\"371\" class=\"wp-image-935\" src=\"https:\/\/www.msshkg.com.ba\/wp-content\/uploads\/2022\/03\/np_elektricar_strucni.png\" alt=\"\" srcset=\"https:\/\/www.msshkg.com.ba\/wp-content\/uploads\/2022\/03\/np_elektricar_strucni.png 607w, https:\/\/www.msshkg.com.ba\/wp-content\/uploads\/2022\/03\/np_elektricar_strucni-300x183.png 300w\" sizes=\"auto, (max-width: 607px) 100vw, 607px\" \/><\/figure>\r\n","protected":false},"excerpt":{"rendered":"<p>Elektri\u010dar ZANIMANJE ELEKTROTEHNI\u010cKE STRUKE3 godine Nivo slo\u017eenosti:III, trogodi\u0161nja stru\u010dna \u0161kola Stru\u010dne kvalifikacije Posjeduje teorijska i prakti\u010dna znanja iz osnova elektrotehnike; Poznaje elektrotehni\u010dke materijale, elektri\u010dne i elektronske komponente i sklopove; Izvodi elektromonterske radove i vr\u0161i potrebna mjerenja; Posjeduje osnovna znanja za monta\u017eu, ispitivanje i kontrolu, pu\u0161tanje u rad, rukovanje i odr\u017eavanje elektroenergetskih postrojenja i ure\u0111aja; Poznaje [&hellip;]<\/p>\n","protected":false},"author":1,"featured_media":0,"parent":0,"menu_order":0,"comment_status":"closed","ping_status":"closed","template":"template\/fullwidth.php","meta":{"_bbp_topic_count":0,"_bbp_reply_count":0,"_bbp_total_topic_count":0,"_bbp_total_reply_count":0,"_bbp_voice_count":0,"_bbp_anonymous_reply_count":0,"_bbp_topic_count_hidden":0,"_bbp_reply_count_hidden":0,"_bbp_forum_subforum_count":0,"footnotes":""},"class_list":["post-932","page","type-page","status-publish","hentry"],"yoast_head":"<!-- This site is optimized with the Yoast SEO plugin v26.0 - https:\/\/yoast.com\/wordpress\/plugins\/seo\/ -->\n<title>Elektri\u010dar - Mje\u0161ovita srednja \u0161kola &quot;Hasan Kiki\u0107&quot; Grada\u010dac<\/title>\n<meta name=\"robots\" content=\"index, follow, max-snippet:-1, max-image-preview:large, max-video-preview:-1\" \/>\n<link rel=\"canonical\" href=\"https:\/\/www.msshkg.com.ba\/index.php\/elektricar\/\" \/>\n<meta property=\"og:locale\" content=\"bs_BA\" \/>\n<meta property=\"og:type\" content=\"article\" \/>\n<meta property=\"og:title\" content=\"Elektri\u010dar - Mje\u0161ovita srednja \u0161kola &quot;Hasan Kiki\u0107&quot; Grada\u010dac\" \/>\n<meta property=\"og:description\" content=\"Elektri\u010dar ZANIMANJE ELEKTROTEHNI\u010cKE STRUKE3 godine Nivo slo\u017eenosti:III, trogodi\u0161nja stru\u010dna \u0161kola Stru\u010dne kvalifikacije Posjeduje teorijska i prakti\u010dna znanja iz osnova elektrotehnike; Poznaje elektrotehni\u010dke materijale, elektri\u010dne i elektronske komponente i sklopove; Izvodi elektromonterske radove i vr\u0161i potrebna mjerenja; Posjeduje osnovna znanja za monta\u017eu, ispitivanje i kontrolu, pu\u0161tanje u rad, rukovanje i odr\u017eavanje elektroenergetskih postrojenja i ure\u0111aja; Poznaje [&hellip;]\" \/>\n<meta property=\"og:url\" content=\"https:\/\/www.msshkg.com.ba\/index.php\/elektricar\/\" \/>\n<meta property=\"og:site_name\" content=\"Mje\u0161ovita srednja \u0161kola &quot;Hasan Kiki\u0107&quot; Grada\u010dac\" \/>\n<meta property=\"article:modified_time\" content=\"2022-03-17T07:24:36+00:00\" \/>\n<meta property=\"og:image\" content=\"https:\/\/www.msshkg.com.ba\/wp-content\/uploads\/2022\/03\/Elektricar-300x200.jpg\" \/>\n<meta name=\"twitter:card\" content=\"summary_large_image\" \/>\n<meta name=\"twitter:label1\" content=\"Est. reading time\" \/>\n\t<meta name=\"twitter:data1\" content=\"4 minute\" \/>\n<script type=\"application\/ld+json\" class=\"yoast-schema-graph\">{\"@context\":\"https:\/\/schema.org\",\"@graph\":[{\"@type\":\"WebPage\",\"@id\":\"https:\/\/www.msshkg.com.ba\/index.php\/elektricar\/\",\"url\":\"https:\/\/www.msshkg.com.ba\/index.php\/elektricar\/\",\"name\":\"Elektri\u010dar - Mje\u0161ovita srednja \u0161kola &quot;Hasan Kiki\u0107&quot; Grada\u010dac\",\"isPartOf\":{\"@id\":\"https:\/\/www.msshkg.com.ba\/#website\"},\"primaryImageOfPage\":{\"@id\":\"https:\/\/www.msshkg.com.ba\/index.php\/elektricar\/#primaryimage\"},\"image\":{\"@id\":\"https:\/\/www.msshkg.com.ba\/index.php\/elektricar\/#primaryimage\"},\"thumbnailUrl\":\"https:\/\/www.msshkg.com.ba\/wp-content\/uploads\/2022\/03\/Elektricar-300x200.jpg\",\"datePublished\":\"2022-03-15T10:52:50+00:00\",\"dateModified\":\"2022-03-17T07:24:36+00:00\",\"breadcrumb\":{\"@id\":\"https:\/\/www.msshkg.com.ba\/index.php\/elektricar\/#breadcrumb\"},\"inLanguage\":\"bs-BA\",\"potentialAction\":[{\"@type\":\"ReadAction\",\"target\":[\"https:\/\/www.msshkg.com.ba\/index.php\/elektricar\/\"]}]},{\"@type\":\"ImageObject\",\"inLanguage\":\"bs-BA\",\"@id\":\"https:\/\/www.msshkg.com.ba\/index.php\/elektricar\/#primaryimage\",\"url\":\"https:\/\/www.msshkg.com.ba\/wp-content\/uploads\/2022\/03\/Elektricar.jpg\",\"contentUrl\":\"https:\/\/www.msshkg.com.ba\/wp-content\/uploads\/2022\/03\/Elektricar.jpg\",\"width\":768,\"height\":512},{\"@type\":\"BreadcrumbList\",\"@id\":\"https:\/\/www.msshkg.com.ba\/index.php\/elektricar\/#breadcrumb\",\"itemListElement\":[{\"@type\":\"ListItem\",\"position\":1,\"name\":\"Home\",\"item\":\"https:\/\/www.msshkg.com.ba\/\"},{\"@type\":\"ListItem\",\"position\":2,\"name\":\"Elektri\u010dar\"}]},{\"@type\":\"WebSite\",\"@id\":\"https:\/\/www.msshkg.com.ba\/#website\",\"url\":\"https:\/\/www.msshkg.com.ba\/\",\"name\":\"Mje\u0161ovita srednja \u0161kola &quot;Hasan Kiki\u0107&quot; Grada\u010dac\",\"description\":\"\",\"publisher\":{\"@id\":\"https:\/\/www.msshkg.com.ba\/#organization\"},\"potentialAction\":[{\"@type\":\"SearchAction\",\"target\":{\"@type\":\"EntryPoint\",\"urlTemplate\":\"https:\/\/www.msshkg.com.ba\/?s={search_term_string}\"},\"query-input\":{\"@type\":\"PropertyValueSpecification\",\"valueRequired\":true,\"valueName\":\"search_term_string\"}}],\"inLanguage\":\"bs-BA\"},{\"@type\":\"Organization\",\"@id\":\"https:\/\/www.msshkg.com.ba\/#organization\",\"name\":\"Mje\u0161ovita srednja \u0161kola &quot;Hasan Kiki\u0107&quot; Grada\u010dac\",\"url\":\"https:\/\/www.msshkg.com.ba\/\",\"logo\":{\"@type\":\"ImageObject\",\"inLanguage\":\"bs-BA\",\"@id\":\"https:\/\/www.msshkg.com.ba\/#\/schema\/logo\/image\/\",\"url\":\"https:\/\/www.msshkg.com.ba\/wp-content\/uploads\/2022\/01\/LogoWeb2.jpg\",\"contentUrl\":\"https:\/\/www.msshkg.com.ba\/wp-content\/uploads\/2022\/01\/LogoWeb2.jpg\",\"width\":150,\"height\":150,\"caption\":\"Mje\u0161ovita srednja \u0161kola &quot;Hasan Kiki\u0107&quot; Grada\u010dac\"},\"image\":{\"@id\":\"https:\/\/www.msshkg.com.ba\/#\/schema\/logo\/image\/\"}}]}<\/script>\n<!-- \/ Yoast SEO plugin. -->","yoast_head_json":{"title":"Elektri\u010dar - Mje\u0161ovita srednja \u0161kola &quot;Hasan Kiki\u0107&quot; Grada\u010dac","robots":{"index":"index","follow":"follow","max-snippet":"max-snippet:-1","max-image-preview":"max-image-preview:large","max-video-preview":"max-video-preview:-1"},"canonical":"https:\/\/www.msshkg.com.ba\/index.php\/elektricar\/","og_locale":"bs_BA","og_type":"article","og_title":"Elektri\u010dar - Mje\u0161ovita srednja \u0161kola &quot;Hasan Kiki\u0107&quot; Grada\u010dac","og_description":"Elektri\u010dar ZANIMANJE ELEKTROTEHNI\u010cKE STRUKE3 godine Nivo slo\u017eenosti:III, trogodi\u0161nja stru\u010dna \u0161kola Stru\u010dne kvalifikacije Posjeduje teorijska i prakti\u010dna znanja iz osnova elektrotehnike; Poznaje elektrotehni\u010dke materijale, elektri\u010dne i elektronske komponente i sklopove; Izvodi elektromonterske radove i vr\u0161i potrebna mjerenja; Posjeduje osnovna znanja za monta\u017eu, ispitivanje i kontrolu, pu\u0161tanje u rad, rukovanje i odr\u017eavanje elektroenergetskih postrojenja i ure\u0111aja; Poznaje [&hellip;]","og_url":"https:\/\/www.msshkg.com.ba\/index.php\/elektricar\/","og_site_name":"Mje\u0161ovita srednja \u0161kola &quot;Hasan Kiki\u0107&quot; Grada\u010dac","article_modified_time":"2022-03-17T07:24:36+00:00","og_image":[{"url":"https:\/\/www.msshkg.com.ba\/wp-content\/uploads\/2022\/03\/Elektricar-300x200.jpg","type":"","width":"","height":""}],"twitter_card":"summary_large_image","twitter_misc":{"Est. reading time":"4 minute"},"schema":{"@context":"https:\/\/schema.org","@graph":[{"@type":"WebPage","@id":"https:\/\/www.msshkg.com.ba\/index.php\/elektricar\/","url":"https:\/\/www.msshkg.com.ba\/index.php\/elektricar\/","name":"Elektri\u010dar - Mje\u0161ovita srednja \u0161kola &quot;Hasan Kiki\u0107&quot; Grada\u010dac","isPartOf":{"@id":"https:\/\/www.msshkg.com.ba\/#website"},"primaryImageOfPage":{"@id":"https:\/\/www.msshkg.com.ba\/index.php\/elektricar\/#primaryimage"},"image":{"@id":"https:\/\/www.msshkg.com.ba\/index.php\/elektricar\/#primaryimage"},"thumbnailUrl":"https:\/\/www.msshkg.com.ba\/wp-content\/uploads\/2022\/03\/Elektricar-300x200.jpg","datePublished":"2022-03-15T10:52:50+00:00","dateModified":"2022-03-17T07:24:36+00:00","breadcrumb":{"@id":"https:\/\/www.msshkg.com.ba\/index.php\/elektricar\/#breadcrumb"},"inLanguage":"bs-BA","potentialAction":[{"@type":"ReadAction","target":["https:\/\/www.msshkg.com.ba\/index.php\/elektricar\/"]}]},{"@type":"ImageObject","inLanguage":"bs-BA","@id":"https:\/\/www.msshkg.com.ba\/index.php\/elektricar\/#primaryimage","url":"https:\/\/www.msshkg.com.ba\/wp-content\/uploads\/2022\/03\/Elektricar.jpg","contentUrl":"https:\/\/www.msshkg.com.ba\/wp-content\/uploads\/2022\/03\/Elektricar.jpg","width":768,"height":512},{"@type":"BreadcrumbList","@id":"https:\/\/www.msshkg.com.ba\/index.php\/elektricar\/#breadcrumb","itemListElement":[{"@type":"ListItem","position":1,"name":"Home","item":"https:\/\/www.msshkg.com.ba\/"},{"@type":"ListItem","position":2,"name":"Elektri\u010dar"}]},{"@type":"WebSite","@id":"https:\/\/www.msshkg.com.ba\/#website","url":"https:\/\/www.msshkg.com.ba\/","name":"Mje\u0161ovita srednja \u0161kola &quot;Hasan Kiki\u0107&quot; Grada\u010dac","description":"","publisher":{"@id":"https:\/\/www.msshkg.com.ba\/#organization"},"potentialAction":[{"@type":"SearchAction","target":{"@type":"EntryPoint","urlTemplate":"https:\/\/www.msshkg.com.ba\/?s={search_term_string}"},"query-input":{"@type":"PropertyValueSpecification","valueRequired":true,"valueName":"search_term_string"}}],"inLanguage":"bs-BA"},{"@type":"Organization","@id":"https:\/\/www.msshkg.com.ba\/#organization","name":"Mje\u0161ovita srednja \u0161kola &quot;Hasan Kiki\u0107&quot; Grada\u010dac","url":"https:\/\/www.msshkg.com.ba\/","logo":{"@type":"ImageObject","inLanguage":"bs-BA","@id":"https:\/\/www.msshkg.com.ba\/#\/schema\/logo\/image\/","url":"https:\/\/www.msshkg.com.ba\/wp-content\/uploads\/2022\/01\/LogoWeb2.jpg","contentUrl":"https:\/\/www.msshkg.com.ba\/wp-content\/uploads\/2022\/01\/LogoWeb2.jpg","width":150,"height":150,"caption":"Mje\u0161ovita srednja \u0161kola &quot;Hasan Kiki\u0107&quot; Grada\u010dac"},"image":{"@id":"https:\/\/www.msshkg.com.ba\/#\/schema\/logo\/image\/"}}]}},"_links":{"self":[{"href":"https:\/\/www.msshkg.com.ba\/index.php\/wp-json\/wp\/v2\/pages\/932","targetHints":{"allow":["GET"]}}],"collection":[{"href":"https:\/\/www.msshkg.com.ba\/index.php\/wp-json\/wp\/v2\/pages"}],"about":[{"href":"https:\/\/www.msshkg.com.ba\/index.php\/wp-json\/wp\/v2\/types\/page"}],"author":[{"embeddable":true,"href":"https:\/\/www.msshkg.com.ba\/index.php\/wp-json\/wp\/v2\/users\/1"}],"replies":[{"embeddable":true,"href":"https:\/\/www.msshkg.com.ba\/index.php\/wp-json\/wp\/v2\/comments?post=932"}],"version-history":[{"count":3,"href":"https:\/\/www.msshkg.com.ba\/index.php\/wp-json\/wp\/v2\/pages\/932\/revisions"}],"predecessor-version":[{"id":953,"href":"https:\/\/www.msshkg.com.ba\/index.php\/wp-json\/wp\/v2\/pages\/932\/revisions\/953"}],"wp:attachment":[{"href":"https:\/\/www.msshkg.com.ba\/index.php\/wp-json\/wp\/v2\/media?parent=932"}],"curies":[{"name":"wp","href":"https:\/\/api.w.org\/{rel}","templated":true}]}}