{"id":75,"date":"2021-12-28T08:45:43","date_gmt":"2021-12-28T07:45:43","guid":{"rendered":"http:\/\/www.msshkg.com.ba\/?page_id=75"},"modified":"2022-03-17T08:27:21","modified_gmt":"2022-03-17T07:27:21","slug":"vizija-i-misija-skole","status":"publish","type":"page","link":"https:\/\/www.msshkg.com.ba\/index.php\/vizija-i-misija-skole\/","title":{"rendered":"Vizija i misija \u0161kole"},"content":{"rendered":"\r\n<p class=\"has-medium-font-size\" style=\"text-align: justify;\"><strong>Vizija:<\/strong>\u00a0U pozitivnom okru\u017eenju i uz podsticajnog nastavnika u\u010denik na\u0161e \u0161kole \u0107e nakon zavr\u0161enog \u0161kolovanja biti kompletno formirana li\u010dnost spremna za ulazak u savremene dru\u0161tvene tokove.<\/p>\r\n\r\n\r\n\r\n<p class=\"has-medium-font-size\" style=\"text-align: justify;\"><strong>Misija:<\/strong>\u00a0MS\u0160 Hasan Kiki\u0107 je savremena obrazovno &#8211; odgojna ustanova u kojoj rade stru\u010dni i kreativni nastavnici koji su primarno posve\u0107eni izgradnji li\u010dnosti te kako njegovom intelektualnom tako i emocionalnom razvoju. Na\u0161i nastavnici primjenjuju savremene tehnike i metode rada podsti\u010du\u0107i istra\u017eiva\u010dki duh kod u\u010denika i usvajanje zvanja i vje\u0161tina neophodnih ne samo za odre\u0111eno zanimanje ve\u0107 i za \u017eivot po\u0161tivaju\u0107i individualnost svakog u\u010denika.<\/p>\r\n","protected":false},"excerpt":{"rendered":"<p>Vizija:\u00a0U pozitivnom okru\u017eenju i uz podsticajnog nastavnika u\u010denik na\u0161e \u0161kole \u0107e nakon zavr\u0161enog \u0161kolovanja biti kompletno formirana li\u010dnost spremna za ulazak u savremene dru\u0161tvene tokove. Misija:\u00a0MS\u0160 Hasan Kiki\u0107 je savremena obrazovno &#8211; odgojna ustanova u kojoj rade stru\u010dni i kreativni nastavnici koji su primarno posve\u0107eni izgradnji li\u010dnosti te kako njegovom intelektualnom tako i emocionalnom razvoju. [&hellip;]<\/p>\n","protected":false},"author":1,"featured_media":0,"parent":0,"menu_order":0,"comment_status":"closed","ping_status":"closed","template":"template\/fullwidth.php","meta":{"_bbp_topic_count":0,"_bbp_reply_count":0,"_bbp_total_topic_count":0,"_bbp_total_reply_count":0,"_bbp_voice_count":0,"_bbp_anonymous_reply_count":0,"_bbp_topic_count_hidden":0,"_bbp_reply_count_hidden":0,"_bbp_forum_subforum_count":0,"footnotes":""},"class_list":["post-75","page","type-page","status-publish","hentry"],"yoast_head":"<!-- This site is optimized with the Yoast SEO plugin v26.0 - https:\/\/yoast.com\/wordpress\/plugins\/seo\/ -->\n<title>Vizija i misija \u0161kole - Mje\u0161ovita srednja \u0161kola &quot;Hasan Kiki\u0107&quot; Grada\u010dac<\/title>\n<meta name=\"robots\" content=\"index, follow, max-snippet:-1, max-image-preview:large, max-video-preview:-1\" \/>\n<link rel=\"canonical\" href=\"https:\/\/www.msshkg.com.ba\/index.php\/vizija-i-misija-skole\/\" \/>\n<meta property=\"og:locale\" content=\"bs_BA\" \/>\n<meta property=\"og:type\" content=\"article\" \/>\n<meta property=\"og:title\" content=\"Vizija i misija \u0161kole - Mje\u0161ovita srednja \u0161kola &quot;Hasan Kiki\u0107&quot; Grada\u010dac\" \/>\n<meta property=\"og:description\" content=\"Vizija:\u00a0U pozitivnom okru\u017eenju i uz podsticajnog nastavnika u\u010denik na\u0161e \u0161kole \u0107e nakon zavr\u0161enog \u0161kolovanja biti kompletno formirana li\u010dnost spremna za ulazak u savremene dru\u0161tvene tokove. Misija:\u00a0MS\u0160 Hasan Kiki\u0107 je savremena obrazovno &#8211; odgojna ustanova u kojoj rade stru\u010dni i kreativni nastavnici koji su primarno posve\u0107eni izgradnji li\u010dnosti te kako njegovom intelektualnom tako i emocionalnom razvoju. [&hellip;]\" \/>\n<meta property=\"og:url\" content=\"https:\/\/www.msshkg.com.ba\/index.php\/vizija-i-misija-skole\/\" \/>\n<meta property=\"og:site_name\" content=\"Mje\u0161ovita srednja \u0161kola &quot;Hasan Kiki\u0107&quot; Grada\u010dac\" \/>\n<meta property=\"article:modified_time\" content=\"2022-03-17T07:27:21+00:00\" \/>\n<meta name=\"twitter:card\" content=\"summary_large_image\" \/>\n<meta name=\"twitter:label1\" content=\"Est. reading time\" \/>\n\t<meta name=\"twitter:data1\" content=\"1 minuta\" \/>\n<script type=\"application\/ld+json\" class=\"yoast-schema-graph\">{\"@context\":\"https:\/\/schema.org\",\"@graph\":[{\"@type\":\"WebPage\",\"@id\":\"https:\/\/www.msshkg.com.ba\/index.php\/vizija-i-misija-skole\/\",\"url\":\"https:\/\/www.msshkg.com.ba\/index.php\/vizija-i-misija-skole\/\",\"name\":\"Vizija i misija \u0161kole - Mje\u0161ovita srednja \u0161kola &quot;Hasan Kiki\u0107&quot; Grada\u010dac\",\"isPartOf\":{\"@id\":\"https:\/\/www.msshkg.com.ba\/#website\"},\"datePublished\":\"2021-12-28T07:45:43+00:00\",\"dateModified\":\"2022-03-17T07:27:21+00:00\",\"breadcrumb\":{\"@id\":\"https:\/\/www.msshkg.com.ba\/index.php\/vizija-i-misija-skole\/#breadcrumb\"},\"inLanguage\":\"bs-BA\",\"potentialAction\":[{\"@type\":\"ReadAction\",\"target\":[\"https:\/\/www.msshkg.com.ba\/index.php\/vizija-i-misija-skole\/\"]}]},{\"@type\":\"BreadcrumbList\",\"@id\":\"https:\/\/www.msshkg.com.ba\/index.php\/vizija-i-misija-skole\/#breadcrumb\",\"itemListElement\":[{\"@type\":\"ListItem\",\"position\":1,\"name\":\"Home\",\"item\":\"https:\/\/www.msshkg.com.ba\/\"},{\"@type\":\"ListItem\",\"position\":2,\"name\":\"Vizija i misija \u0161kole\"}]},{\"@type\":\"WebSite\",\"@id\":\"https:\/\/www.msshkg.com.ba\/#website\",\"url\":\"https:\/\/www.msshkg.com.ba\/\",\"name\":\"Mje\u0161ovita srednja \u0161kola &quot;Hasan Kiki\u0107&quot; Grada\u010dac\",\"description\":\"\",\"publisher\":{\"@id\":\"https:\/\/www.msshkg.com.ba\/#organization\"},\"potentialAction\":[{\"@type\":\"SearchAction\",\"target\":{\"@type\":\"EntryPoint\",\"urlTemplate\":\"https:\/\/www.msshkg.com.ba\/?s={search_term_string}\"},\"query-input\":{\"@type\":\"PropertyValueSpecification\",\"valueRequired\":true,\"valueName\":\"search_term_string\"}}],\"inLanguage\":\"bs-BA\"},{\"@type\":\"Organization\",\"@id\":\"https:\/\/www.msshkg.com.ba\/#organization\",\"name\":\"Mje\u0161ovita srednja \u0161kola &quot;Hasan Kiki\u0107&quot; Grada\u010dac\",\"url\":\"https:\/\/www.msshkg.com.ba\/\",\"logo\":{\"@type\":\"ImageObject\",\"inLanguage\":\"bs-BA\",\"@id\":\"https:\/\/www.msshkg.com.ba\/#\/schema\/logo\/image\/\",\"url\":\"https:\/\/www.msshkg.com.ba\/wp-content\/uploads\/2022\/01\/LogoWeb2.jpg\",\"contentUrl\":\"https:\/\/www.msshkg.com.ba\/wp-content\/uploads\/2022\/01\/LogoWeb2.jpg\",\"width\":150,\"height\":150,\"caption\":\"Mje\u0161ovita srednja \u0161kola &quot;Hasan Kiki\u0107&quot; Grada\u010dac\"},\"image\":{\"@id\":\"https:\/\/www.msshkg.com.ba\/#\/schema\/logo\/image\/\"}}]}<\/script>\n<!-- \/ Yoast SEO plugin. -->","yoast_head_json":{"title":"Vizija i misija \u0161kole - Mje\u0161ovita srednja \u0161kola &quot;Hasan Kiki\u0107&quot; Grada\u010dac","robots":{"index":"index","follow":"follow","max-snippet":"max-snippet:-1","max-image-preview":"max-image-preview:large","max-video-preview":"max-video-preview:-1"},"canonical":"https:\/\/www.msshkg.com.ba\/index.php\/vizija-i-misija-skole\/","og_locale":"bs_BA","og_type":"article","og_title":"Vizija i misija \u0161kole - Mje\u0161ovita srednja \u0161kola &quot;Hasan Kiki\u0107&quot; Grada\u010dac","og_description":"Vizija:\u00a0U pozitivnom okru\u017eenju i uz podsticajnog nastavnika u\u010denik na\u0161e \u0161kole \u0107e nakon zavr\u0161enog \u0161kolovanja biti kompletno formirana li\u010dnost spremna za ulazak u savremene dru\u0161tvene tokove. Misija:\u00a0MS\u0160 Hasan Kiki\u0107 je savremena obrazovno &#8211; odgojna ustanova u kojoj rade stru\u010dni i kreativni nastavnici koji su primarno posve\u0107eni izgradnji li\u010dnosti te kako njegovom intelektualnom tako i emocionalnom razvoju. [&hellip;]","og_url":"https:\/\/www.msshkg.com.ba\/index.php\/vizija-i-misija-skole\/","og_site_name":"Mje\u0161ovita srednja \u0161kola &quot;Hasan Kiki\u0107&quot; Grada\u010dac","article_modified_time":"2022-03-17T07:27:21+00:00","twitter_card":"summary_large_image","twitter_misc":{"Est. reading time":"1 minuta"},"schema":{"@context":"https:\/\/schema.org","@graph":[{"@type":"WebPage","@id":"https:\/\/www.msshkg.com.ba\/index.php\/vizija-i-misija-skole\/","url":"https:\/\/www.msshkg.com.ba\/index.php\/vizija-i-misija-skole\/","name":"Vizija i misija \u0161kole - Mje\u0161ovita srednja \u0161kola &quot;Hasan Kiki\u0107&quot; Grada\u010dac","isPartOf":{"@id":"https:\/\/www.msshkg.com.ba\/#website"},"datePublished":"2021-12-28T07:45:43+00:00","dateModified":"2022-03-17T07:27:21+00:00","breadcrumb":{"@id":"https:\/\/www.msshkg.com.ba\/index.php\/vizija-i-misija-skole\/#breadcrumb"},"inLanguage":"bs-BA","potentialAction":[{"@type":"ReadAction","target":["https:\/\/www.msshkg.com.ba\/index.php\/vizija-i-misija-skole\/"]}]},{"@type":"BreadcrumbList","@id":"https:\/\/www.msshkg.com.ba\/index.php\/vizija-i-misija-skole\/#breadcrumb","itemListElement":[{"@type":"ListItem","position":1,"name":"Home","item":"https:\/\/www.msshkg.com.ba\/"},{"@type":"ListItem","position":2,"name":"Vizija i misija \u0161kole"}]},{"@type":"WebSite","@id":"https:\/\/www.msshkg.com.ba\/#website","url":"https:\/\/www.msshkg.com.ba\/","name":"Mje\u0161ovita srednja \u0161kola &quot;Hasan Kiki\u0107&quot; Grada\u010dac","description":"","publisher":{"@id":"https:\/\/www.msshkg.com.ba\/#organization"},"potentialAction":[{"@type":"SearchAction","target":{"@type":"EntryPoint","urlTemplate":"https:\/\/www.msshkg.com.ba\/?s={search_term_string}"},"query-input":{"@type":"PropertyValueSpecification","valueRequired":true,"valueName":"search_term_string"}}],"inLanguage":"bs-BA"},{"@type":"Organization","@id":"https:\/\/www.msshkg.com.ba\/#organization","name":"Mje\u0161ovita srednja \u0161kola &quot;Hasan Kiki\u0107&quot; Grada\u010dac","url":"https:\/\/www.msshkg.com.ba\/","logo":{"@type":"ImageObject","inLanguage":"bs-BA","@id":"https:\/\/www.msshkg.com.ba\/#\/schema\/logo\/image\/","url":"https:\/\/www.msshkg.com.ba\/wp-content\/uploads\/2022\/01\/LogoWeb2.jpg","contentUrl":"https:\/\/www.msshkg.com.ba\/wp-content\/uploads\/2022\/01\/LogoWeb2.jpg","width":150,"height":150,"caption":"Mje\u0161ovita srednja \u0161kola &quot;Hasan Kiki\u0107&quot; Grada\u010dac"},"image":{"@id":"https:\/\/www.msshkg.com.ba\/#\/schema\/logo\/image\/"}}]}},"_links":{"self":[{"href":"https:\/\/www.msshkg.com.ba\/index.php\/wp-json\/wp\/v2\/pages\/75","targetHints":{"allow":["GET"]}}],"collection":[{"href":"https:\/\/www.msshkg.com.ba\/index.php\/wp-json\/wp\/v2\/pages"}],"about":[{"href":"https:\/\/www.msshkg.com.ba\/index.php\/wp-json\/wp\/v2\/types\/page"}],"author":[{"embeddable":true,"href":"https:\/\/www.msshkg.com.ba\/index.php\/wp-json\/wp\/v2\/users\/1"}],"replies":[{"embeddable":true,"href":"https:\/\/www.msshkg.com.ba\/index.php\/wp-json\/wp\/v2\/comments?post=75"}],"version-history":[{"count":6,"href":"https:\/\/www.msshkg.com.ba\/index.php\/wp-json\/wp\/v2\/pages\/75\/revisions"}],"predecessor-version":[{"id":958,"href":"https:\/\/www.msshkg.com.ba\/index.php\/wp-json\/wp\/v2\/pages\/75\/revisions\/958"}],"wp:attachment":[{"href":"https:\/\/www.msshkg.com.ba\/index.php\/wp-json\/wp\/v2\/media?parent=75"}],"curies":[{"name":"wp","href":"https:\/\/api.w.org\/{rel}","templated":true}]}}