{"id":416,"date":"2022-01-12T11:52:39","date_gmt":"2022-01-12T10:52:39","guid":{"rendered":"http:\/\/www.msshkg.com.ba\/?page_id=416"},"modified":"2022-03-15T12:01:06","modified_gmt":"2022-03-15T11:01:06","slug":"zanimanja","status":"publish","type":"page","link":"https:\/\/www.msshkg.com.ba\/index.php\/zanimanja\/","title":{"rendered":"Zanimanja"},"content":{"rendered":"\n<p class=\"has-medium-font-size\">U \u0161kolskoj 2021\/2022. godini upisan je 421 u\u010denik&nbsp; (334 dje\u010daka i 87 djevoj\u010dica) u stru\u010dne \u0161kole u sljede\u0107a zanimanja:<\/p>\n\n\n\n<ul class=\"has-medium-font-size wp-block-list\"><li><strong>Elektrotehni\u010dka stru\u010dna \u0161kola<\/strong><ol><li>Elektri\u010dar (po PHARE &#8211; VET programu)<\/li><li>Autoelektri\u010dar (GTZ)<\/li><\/ol><\/li><\/ul>\n\n\n\n<div class=\"wp-block-columns is-layout-flex wp-container-core-columns-is-layout-9d6595d7 wp-block-columns-is-layout-flex\">\n<div class=\"wp-block-column is-layout-flow wp-block-column-is-layout-flow\">            <div class=\"oxi-addons-container noLightbox oxi-image-hover-wrapper-4 \" id=\"oxi-image-hover-wrapper-4\">\n                <div class=\"oxi-addons-row\">\n                                <div class=\"oxi-image-hover-style oxi-bt-col-lg-12 oxi-bt-col-md-12 oxi-bt-col-sm-12                         \" sa-data-animation=\"zoomIn\" sa-data-animation-offset=\"100%\" sa-data-animation-delay=\"0ms\" sa-data-animation-duration=\"1000ms\">\n                <div class=\"oxi-image-hover-style-general\">\n                    <div class=\"oxi-image-hover oxi-image-general-hover oxi-image-general-hover-style-5 oxi-image-general-hover-4-4\">\n                                                    <a  href=\"https:\/\/www.msshkg.com.ba\/index.php\/elektricar\/\" rel=\"nofollow\">\n                                                            <div class=\"oxi-image-hover-figure left_to_right\">\n                                <div class=\"oxi-image-hover-image\">\n                                    <img decoding=\"async\" src=\"http:\/\/www.msshkg.com.ba\/wp-content\/uploads\/2022\/03\/Elektricar.jpg\" >\n                                <\/div>\n                                <div class=\"oxi-image-hover-figure-content\">\n                                    <div class=\"oxi-image-hover-figure-caption\">\n                                        <div class=\"oxi-image-hover-caption-tab   image-hover-align-center-center\">\n                                                                                            <h3 class=\"oxi-image-hover-heading iheu-fade-up                                                                                                 \">Elektri\u010dar<\/h3>\n                                                                                                                                        <\/div>\n                                    <\/div>\n                                <\/div>\n                            <\/div>\n                                                        <\/a>\n\t\t\t\t\t\t\t\t                    <\/div>\n                <\/div>\n                            <\/div>\n                            <\/div>\n            <\/div>\n\t\t\t\n<\/div>\n\n\n\n<div class=\"wp-block-column is-layout-flow wp-block-column-is-layout-flow\">            <div class=\"oxi-addons-container noLightbox oxi-image-hover-wrapper-3 \" id=\"oxi-image-hover-wrapper-3\">\n                <div class=\"oxi-addons-row\">\n                                <div class=\"oxi-image-hover-style oxi-bt-col-lg-12 oxi-bt-col-md-12 oxi-bt-col-sm-12                         \" sa-data-animation=\"zoomIn\" sa-data-animation-offset=\"100%\" sa-data-animation-delay=\"0ms\" sa-data-animation-duration=\"1000ms\">\n                <div class=\"oxi-image-hover-style-general\">\n                    <div class=\"oxi-image-hover oxi-image-general-hover oxi-image-general-hover-style-5 oxi-image-general-hover-3-3\">\n                                                    <a  href=\"https:\/\/www.msshkg.com.ba\/index.php\/autoelektricar-2\/\" rel=\"nofollow\">\n                                                            <div class=\"oxi-image-hover-figure left_to_right\">\n                                <div class=\"oxi-image-hover-image\">\n                                    <img decoding=\"async\" src=\"http:\/\/www.msshkg.com.ba\/wp-content\/uploads\/2022\/03\/Autoelektricar.jpg\" >\n                                <\/div>\n                                <div class=\"oxi-image-hover-figure-content\">\n                                    <div class=\"oxi-image-hover-figure-caption\">\n                                        <div class=\"oxi-image-hover-caption-tab   image-hover-align-center-center\">\n                                                                                            <h3 class=\"oxi-image-hover-heading iheu-fade-up                                                                                                 \">Autoelektri\u010dar<\/h3>\n                                                                                                                                        <\/div>\n                                    <\/div>\n                                <\/div>\n                            <\/div>\n                                                        <\/a>\n\t\t\t\t\t\t\t\t                    <\/div>\n                <\/div>\n                            <\/div>\n                            <\/div>\n            <\/div>\n\t\t\t\n<\/div>\n<\/div>\n\n\n\n<ul class=\"has-medium-font-size wp-block-list\"><li><strong>Ma\u0161inska stru\u010dna \u0161kola<\/strong><ol><li>Bravar<\/li><li>Metalostrugar<\/li><li>Automehani\u010dar<\/li><li>Autolimar<\/li><\/ol><\/li><li><strong>Tekstilna stru\u010dna \u0161kola<\/strong><ol><li>Kroja\u010d (po PHARE &#8211; VET&nbsp;&nbsp;programu)<\/li><\/ol><\/li><li><strong>Poljoprivredna stru\u010dna \u0161kola<\/strong><ol><li>Vo\u0107ar vinogradar<\/li><li>Prehrambeni prera\u0111iva\u010d<\/li><\/ol><\/li><li><strong>Saobra\u0107ajna stru\u010dna \u0161kola<\/strong><ol><li>Voza\u010d motornih vozila<\/li><\/ol><\/li><li>&nbsp;<strong>Ugostiteljsko-turisti\u010dka stru\u010dna \u0161kola<\/strong><ol><li>Kuhar (EU)<\/li><\/ol><\/li><\/ul>\n","protected":false},"excerpt":{"rendered":"<p>U \u0161kolskoj 2021\/2022. godini upisan je 421 u\u010denik&nbsp; (334 dje\u010daka i 87 djevoj\u010dica) u stru\u010dne \u0161kole u sljede\u0107a zanimanja: Elektrotehni\u010dka stru\u010dna \u0161kola Elektri\u010dar (po PHARE &#8211; VET programu) Autoelektri\u010dar (GTZ) Ma\u0161inska stru\u010dna \u0161kola Bravar Metalostrugar Automehani\u010dar Autolimar Tekstilna stru\u010dna \u0161kola Kroja\u010d (po PHARE &#8211; VET&nbsp;&nbsp;programu) Poljoprivredna stru\u010dna \u0161kola Vo\u0107ar vinogradar Prehrambeni prera\u0111iva\u010d Saobra\u0107ajna stru\u010dna \u0161kola [&hellip;]<\/p>\n","protected":false},"author":1,"featured_media":0,"parent":0,"menu_order":0,"comment_status":"closed","ping_status":"closed","template":"template\/fullwidth.php","meta":{"_bbp_topic_count":0,"_bbp_reply_count":0,"_bbp_total_topic_count":0,"_bbp_total_reply_count":0,"_bbp_voice_count":0,"_bbp_anonymous_reply_count":0,"_bbp_topic_count_hidden":0,"_bbp_reply_count_hidden":0,"_bbp_forum_subforum_count":0,"footnotes":""},"class_list":["post-416","page","type-page","status-publish","hentry"],"yoast_head":"<!-- This site is optimized with the Yoast SEO plugin v26.0 - https:\/\/yoast.com\/wordpress\/plugins\/seo\/ -->\n<title>Zanimanja - Mje\u0161ovita srednja \u0161kola &quot;Hasan Kiki\u0107&quot; Grada\u010dac<\/title>\n<meta name=\"robots\" content=\"index, follow, max-snippet:-1, max-image-preview:large, max-video-preview:-1\" \/>\n<link rel=\"canonical\" href=\"https:\/\/www.msshkg.com.ba\/index.php\/zanimanja\/\" \/>\n<meta property=\"og:locale\" content=\"bs_BA\" \/>\n<meta property=\"og:type\" content=\"article\" \/>\n<meta property=\"og:title\" content=\"Zanimanja - Mje\u0161ovita srednja \u0161kola &quot;Hasan Kiki\u0107&quot; Grada\u010dac\" \/>\n<meta property=\"og:description\" content=\"U \u0161kolskoj 2021\/2022. godini upisan je 421 u\u010denik&nbsp; (334 dje\u010daka i 87 djevoj\u010dica) u stru\u010dne \u0161kole u sljede\u0107a zanimanja: Elektrotehni\u010dka stru\u010dna \u0161kola Elektri\u010dar (po PHARE &#8211; VET programu) Autoelektri\u010dar (GTZ) Ma\u0161inska stru\u010dna \u0161kola Bravar Metalostrugar Automehani\u010dar Autolimar Tekstilna stru\u010dna \u0161kola Kroja\u010d (po PHARE &#8211; VET&nbsp;&nbsp;programu) Poljoprivredna stru\u010dna \u0161kola Vo\u0107ar vinogradar Prehrambeni prera\u0111iva\u010d Saobra\u0107ajna stru\u010dna \u0161kola [&hellip;]\" \/>\n<meta property=\"og:url\" content=\"https:\/\/www.msshkg.com.ba\/index.php\/zanimanja\/\" \/>\n<meta property=\"og:site_name\" content=\"Mje\u0161ovita srednja \u0161kola &quot;Hasan Kiki\u0107&quot; Grada\u010dac\" \/>\n<meta property=\"article:modified_time\" content=\"2022-03-15T11:01:06+00:00\" \/>\n<meta name=\"twitter:card\" content=\"summary_large_image\" \/>\n<meta name=\"twitter:label1\" content=\"Est. reading time\" \/>\n\t<meta name=\"twitter:data1\" content=\"1 minuta\" \/>\n<script type=\"application\/ld+json\" class=\"yoast-schema-graph\">{\"@context\":\"https:\/\/schema.org\",\"@graph\":[{\"@type\":\"WebPage\",\"@id\":\"https:\/\/www.msshkg.com.ba\/index.php\/zanimanja\/\",\"url\":\"https:\/\/www.msshkg.com.ba\/index.php\/zanimanja\/\",\"name\":\"Zanimanja - Mje\u0161ovita srednja \u0161kola &quot;Hasan Kiki\u0107&quot; Grada\u010dac\",\"isPartOf\":{\"@id\":\"https:\/\/www.msshkg.com.ba\/#website\"},\"datePublished\":\"2022-01-12T10:52:39+00:00\",\"dateModified\":\"2022-03-15T11:01:06+00:00\",\"breadcrumb\":{\"@id\":\"https:\/\/www.msshkg.com.ba\/index.php\/zanimanja\/#breadcrumb\"},\"inLanguage\":\"bs-BA\",\"potentialAction\":[{\"@type\":\"ReadAction\",\"target\":[\"https:\/\/www.msshkg.com.ba\/index.php\/zanimanja\/\"]}]},{\"@type\":\"BreadcrumbList\",\"@id\":\"https:\/\/www.msshkg.com.ba\/index.php\/zanimanja\/#breadcrumb\",\"itemListElement\":[{\"@type\":\"ListItem\",\"position\":1,\"name\":\"Home\",\"item\":\"https:\/\/www.msshkg.com.ba\/\"},{\"@type\":\"ListItem\",\"position\":2,\"name\":\"Zanimanja\"}]},{\"@type\":\"WebSite\",\"@id\":\"https:\/\/www.msshkg.com.ba\/#website\",\"url\":\"https:\/\/www.msshkg.com.ba\/\",\"name\":\"Mje\u0161ovita srednja \u0161kola &quot;Hasan Kiki\u0107&quot; Grada\u010dac\",\"description\":\"\",\"publisher\":{\"@id\":\"https:\/\/www.msshkg.com.ba\/#organization\"},\"potentialAction\":[{\"@type\":\"SearchAction\",\"target\":{\"@type\":\"EntryPoint\",\"urlTemplate\":\"https:\/\/www.msshkg.com.ba\/?s={search_term_string}\"},\"query-input\":{\"@type\":\"PropertyValueSpecification\",\"valueRequired\":true,\"valueName\":\"search_term_string\"}}],\"inLanguage\":\"bs-BA\"},{\"@type\":\"Organization\",\"@id\":\"https:\/\/www.msshkg.com.ba\/#organization\",\"name\":\"Mje\u0161ovita srednja \u0161kola &quot;Hasan Kiki\u0107&quot; Grada\u010dac\",\"url\":\"https:\/\/www.msshkg.com.ba\/\",\"logo\":{\"@type\":\"ImageObject\",\"inLanguage\":\"bs-BA\",\"@id\":\"https:\/\/www.msshkg.com.ba\/#\/schema\/logo\/image\/\",\"url\":\"https:\/\/www.msshkg.com.ba\/wp-content\/uploads\/2022\/01\/LogoWeb2.jpg\",\"contentUrl\":\"https:\/\/www.msshkg.com.ba\/wp-content\/uploads\/2022\/01\/LogoWeb2.jpg\",\"width\":150,\"height\":150,\"caption\":\"Mje\u0161ovita srednja \u0161kola &quot;Hasan Kiki\u0107&quot; Grada\u010dac\"},\"image\":{\"@id\":\"https:\/\/www.msshkg.com.ba\/#\/schema\/logo\/image\/\"}}]}<\/script>\n<!-- \/ Yoast SEO plugin. -->","yoast_head_json":{"title":"Zanimanja - Mje\u0161ovita srednja \u0161kola &quot;Hasan Kiki\u0107&quot; Grada\u010dac","robots":{"index":"index","follow":"follow","max-snippet":"max-snippet:-1","max-image-preview":"max-image-preview:large","max-video-preview":"max-video-preview:-1"},"canonical":"https:\/\/www.msshkg.com.ba\/index.php\/zanimanja\/","og_locale":"bs_BA","og_type":"article","og_title":"Zanimanja - Mje\u0161ovita srednja \u0161kola &quot;Hasan Kiki\u0107&quot; Grada\u010dac","og_description":"U \u0161kolskoj 2021\/2022. godini upisan je 421 u\u010denik&nbsp; (334 dje\u010daka i 87 djevoj\u010dica) u stru\u010dne \u0161kole u sljede\u0107a zanimanja: Elektrotehni\u010dka stru\u010dna \u0161kola Elektri\u010dar (po PHARE &#8211; VET programu) Autoelektri\u010dar (GTZ) Ma\u0161inska stru\u010dna \u0161kola Bravar Metalostrugar Automehani\u010dar Autolimar Tekstilna stru\u010dna \u0161kola Kroja\u010d (po PHARE &#8211; VET&nbsp;&nbsp;programu) Poljoprivredna stru\u010dna \u0161kola Vo\u0107ar vinogradar Prehrambeni prera\u0111iva\u010d Saobra\u0107ajna stru\u010dna \u0161kola [&hellip;]","og_url":"https:\/\/www.msshkg.com.ba\/index.php\/zanimanja\/","og_site_name":"Mje\u0161ovita srednja \u0161kola &quot;Hasan Kiki\u0107&quot; Grada\u010dac","article_modified_time":"2022-03-15T11:01:06+00:00","twitter_card":"summary_large_image","twitter_misc":{"Est. reading time":"1 minuta"},"schema":{"@context":"https:\/\/schema.org","@graph":[{"@type":"WebPage","@id":"https:\/\/www.msshkg.com.ba\/index.php\/zanimanja\/","url":"https:\/\/www.msshkg.com.ba\/index.php\/zanimanja\/","name":"Zanimanja - Mje\u0161ovita srednja \u0161kola &quot;Hasan Kiki\u0107&quot; Grada\u010dac","isPartOf":{"@id":"https:\/\/www.msshkg.com.ba\/#website"},"datePublished":"2022-01-12T10:52:39+00:00","dateModified":"2022-03-15T11:01:06+00:00","breadcrumb":{"@id":"https:\/\/www.msshkg.com.ba\/index.php\/zanimanja\/#breadcrumb"},"inLanguage":"bs-BA","potentialAction":[{"@type":"ReadAction","target":["https:\/\/www.msshkg.com.ba\/index.php\/zanimanja\/"]}]},{"@type":"BreadcrumbList","@id":"https:\/\/www.msshkg.com.ba\/index.php\/zanimanja\/#breadcrumb","itemListElement":[{"@type":"ListItem","position":1,"name":"Home","item":"https:\/\/www.msshkg.com.ba\/"},{"@type":"ListItem","position":2,"name":"Zanimanja"}]},{"@type":"WebSite","@id":"https:\/\/www.msshkg.com.ba\/#website","url":"https:\/\/www.msshkg.com.ba\/","name":"Mje\u0161ovita srednja \u0161kola &quot;Hasan Kiki\u0107&quot; Grada\u010dac","description":"","publisher":{"@id":"https:\/\/www.msshkg.com.ba\/#organization"},"potentialAction":[{"@type":"SearchAction","target":{"@type":"EntryPoint","urlTemplate":"https:\/\/www.msshkg.com.ba\/?s={search_term_string}"},"query-input":{"@type":"PropertyValueSpecification","valueRequired":true,"valueName":"search_term_string"}}],"inLanguage":"bs-BA"},{"@type":"Organization","@id":"https:\/\/www.msshkg.com.ba\/#organization","name":"Mje\u0161ovita srednja \u0161kola &quot;Hasan Kiki\u0107&quot; Grada\u010dac","url":"https:\/\/www.msshkg.com.ba\/","logo":{"@type":"ImageObject","inLanguage":"bs-BA","@id":"https:\/\/www.msshkg.com.ba\/#\/schema\/logo\/image\/","url":"https:\/\/www.msshkg.com.ba\/wp-content\/uploads\/2022\/01\/LogoWeb2.jpg","contentUrl":"https:\/\/www.msshkg.com.ba\/wp-content\/uploads\/2022\/01\/LogoWeb2.jpg","width":150,"height":150,"caption":"Mje\u0161ovita srednja \u0161kola &quot;Hasan Kiki\u0107&quot; Grada\u010dac"},"image":{"@id":"https:\/\/www.msshkg.com.ba\/#\/schema\/logo\/image\/"}}]}},"_links":{"self":[{"href":"https:\/\/www.msshkg.com.ba\/index.php\/wp-json\/wp\/v2\/pages\/416","targetHints":{"allow":["GET"]}}],"collection":[{"href":"https:\/\/www.msshkg.com.ba\/index.php\/wp-json\/wp\/v2\/pages"}],"about":[{"href":"https:\/\/www.msshkg.com.ba\/index.php\/wp-json\/wp\/v2\/types\/page"}],"author":[{"embeddable":true,"href":"https:\/\/www.msshkg.com.ba\/index.php\/wp-json\/wp\/v2\/users\/1"}],"replies":[{"embeddable":true,"href":"https:\/\/www.msshkg.com.ba\/index.php\/wp-json\/wp\/v2\/comments?post=416"}],"version-history":[{"count":12,"href":"https:\/\/www.msshkg.com.ba\/index.php\/wp-json\/wp\/v2\/pages\/416\/revisions"}],"predecessor-version":[{"id":944,"href":"https:\/\/www.msshkg.com.ba\/index.php\/wp-json\/wp\/v2\/pages\/416\/revisions\/944"}],"wp:attachment":[{"href":"https:\/\/www.msshkg.com.ba\/index.php\/wp-json\/wp\/v2\/media?parent=416"}],"curies":[{"name":"wp","href":"https:\/\/api.w.org\/{rel}","templated":true}]}}