{"id":408,"date":"2022-01-12T11:50:50","date_gmt":"2022-01-12T10:50:50","guid":{"rendered":"http:\/\/www.msshkg.com.ba\/?page_id=408"},"modified":"2022-01-13T15:34:15","modified_gmt":"2022-01-13T14:34:15","slug":"opsteobrazovni-predmeti","status":"publish","type":"page","link":"https:\/\/www.msshkg.com.ba\/index.php\/opsteobrazovni-predmeti\/","title":{"rendered":"Op\u0107eobrazovni predmeti"},"content":{"rendered":"\n<div class=\"wp-block-columns is-layout-flex wp-container-core-columns-is-layout-9d6595d7 wp-block-columns-is-layout-flex\">\n<div class=\"wp-block-column is-layout-flow wp-block-column-is-layout-flow\">\n<p class=\"has-medium-font-size\"><strong><u>Bosanski jezik i knji\u017eevnost<\/u><\/strong><\/p>\n\n\n\n<ol class=\"wp-block-list\"><li><strong>Ze\u010di\u0107 Muzafera, prof.<\/strong><\/li><li><strong>Musi\u0107 Fadil, prof.<\/strong><\/li><li><strong>Hani\u0107 Jasmina, prof.<\/strong><\/li><li><strong>Goleti\u0107 Asmira, prof.<\/strong><\/li><li><strong>Bristri\u0107 Muamera, prof.<\/strong><\/li><\/ol>\n\n\n\n<p class=\"has-medium-font-size\"><strong><u>Njema\u010dki jezik i knji\u017eevnost<\/u><\/strong><\/p>\n\n\n\n<ol class=\"wp-block-list\"><li><strong>\u0106elosmanovi\u0107 Aida, prof.<\/strong><\/li><\/ol>\n\n\n\n<p class=\"has-medium-font-size\"><strong><u>Engleski jezik<\/u><\/strong><\/p>\n\n\n\n<ol class=\"wp-block-list\"><li><strong>\u0160e\u0107i\u0107 Selma, prof.<\/strong><\/li><li><strong>Kujovi\u0107 Lejla, prof.<\/strong><\/li><li><strong>Vehabovi\u0107 Vildana, prof.<\/strong><\/li><li><strong>Bajri\u0107 Meliha, prof.<\/strong><\/li><\/ol>\n\n\n\n<p class=\"has-medium-font-size\"><strong><u>Latinski jezik<\/u><\/strong><\/p>\n\n\n\n<ol class=\"wp-block-list\"><li><\/li><\/ol>\n\n\n\n<p class=\"has-medium-font-size\"><strong><u>Historija<\/u><\/strong><\/p>\n\n\n\n<ol class=\"wp-block-list\"><li><strong>\u0160aki\u0107 Enir, prof.<\/strong><\/li><li><strong>Mujkanovi\u0107 Amir, prof.<\/strong><\/li><\/ol>\n\n\n\n<p class=\"has-medium-font-size\"><strong><u>Sociologija<\/u><\/strong><\/p>\n\n\n\n<ol class=\"wp-block-list\"><li><strong>Durakovi\u0107 Azra, prof.<\/strong><\/li><\/ol>\n\n\n\n<p class=\"has-medium-font-size\"><strong><u>Demokratija i ljudska prava<\/u><\/strong><\/p>\n\n\n\n<ol class=\"wp-block-list\"><li><strong>Sarajli\u0107 Enes, prof.<\/strong><\/li><\/ol>\n\n\n\n<p class=\"has-medium-font-size\"><strong><u>Tjelesni i zdravstveni odgoj<\/u><\/strong><\/p>\n\n\n\n<ol class=\"wp-block-list\"><li><strong>Terzi\u0107 Sanela, prof.<\/strong><\/li><li><strong>Taletovi\u0107 Denis, prof.<\/strong><\/li><\/ol>\n<\/div>\n\n\n\n<div class=\"wp-block-column is-layout-flow wp-block-column-is-layout-flow\">\n<p class=\"has-medium-font-size\"><strong><u>Informatika<\/u><\/strong><\/p>\n\n\n\n<ol class=\"wp-block-list\"><li><strong>Sarajli\u0107 Nazifa, dipl.ing.elektrotehnike<\/strong><\/li><li><strong>Mujd\u017ei\u0107 Samir, dipl.ing.elektrotehnike<\/strong><\/li><li><strong>\u0160aki\u0107 Amela, dipl.ing.elektrotehnike<\/strong><\/li><\/ol>\n\n\n\n<p class=\"has-medium-font-size\"><strong><u>Matematika<\/u><\/strong><\/p>\n\n\n\n<ol class=\"wp-block-list\"><li><strong>Me\u0161an Jasmina, prof.<\/strong><\/li><li><strong>Kova\u010devi\u0107 Mihreta, prof.<\/strong><\/li><li><strong>H.Muhamedovi\u0107-Kuduzovi\u0107 Amila, prof.<\/strong><\/li><li><strong>Ki\u0161i\u0107 Anela, prof.<\/strong><\/li><\/ol>\n\n\n\n<p class=\"has-medium-font-size\"><strong><u>Fizika<\/u><\/strong>&nbsp;<\/p>\n\n\n\n<ol class=\"wp-block-list\"><li><strong>Mulali\u0107 Ajsela, prof.<\/strong><\/li><li><strong>Husejnovi\u0107 Alma, prof.<\/strong><\/li><\/ol>\n\n\n\n<p class=\"has-medium-font-size\"><strong><u>Hemija<\/u><\/strong><\/p>\n\n\n\n<ol class=\"wp-block-list\"><li><strong>Kujovi\u0107 Ismeta, prof.<\/strong><\/li><\/ol>\n\n\n\n<p class=\"has-medium-font-size\"><strong><u>Biologija<\/u><\/strong><\/p>\n\n\n\n<ol class=\"wp-block-list\"><li><strong>Rabi\u0107 Jasmina, prof.<\/strong><\/li><\/ol>\n\n\n\n<p class=\"has-medium-font-size\"><strong><u>Islamska vjeronauka<\/u><\/strong><\/p>\n\n\n\n<ol class=\"wp-block-list\"><li><strong>Kavazovi\u0107 Emira, prof.islamskih nauka<\/strong><\/li><\/ol>\n<\/div>\n<\/div>\n","protected":false},"excerpt":{"rendered":"<p>Bosanski jezik i knji\u017eevnost Ze\u010di\u0107 Muzafera, prof. Musi\u0107 Fadil, prof. Hani\u0107 Jasmina, prof. Goleti\u0107 Asmira, prof. Bristri\u0107 Muamera, prof. Njema\u010dki jezik i knji\u017eevnost \u0106elosmanovi\u0107 Aida, prof. Engleski jezik \u0160e\u0107i\u0107 Selma, prof. Kujovi\u0107 Lejla, prof. Vehabovi\u0107 Vildana, prof. Bajri\u0107 Meliha, prof. Latinski jezik Historija \u0160aki\u0107 Enir, prof. Mujkanovi\u0107 Amir, prof. Sociologija Durakovi\u0107 Azra, prof. Demokratija i [&hellip;]<\/p>\n","protected":false},"author":1,"featured_media":0,"parent":0,"menu_order":0,"comment_status":"closed","ping_status":"closed","template":"template\/fullwidth.php","meta":{"_bbp_topic_count":0,"_bbp_reply_count":0,"_bbp_total_topic_count":0,"_bbp_total_reply_count":0,"_bbp_voice_count":0,"_bbp_anonymous_reply_count":0,"_bbp_topic_count_hidden":0,"_bbp_reply_count_hidden":0,"_bbp_forum_subforum_count":0,"footnotes":""},"class_list":["post-408","page","type-page","status-publish","hentry"],"yoast_head":"<!-- This site is optimized with the Yoast SEO plugin v26.0 - https:\/\/yoast.com\/wordpress\/plugins\/seo\/ -->\n<title>Op\u0107eobrazovni predmeti - Mje\u0161ovita srednja \u0161kola &quot;Hasan Kiki\u0107&quot; Grada\u010dac<\/title>\n<meta name=\"robots\" content=\"index, follow, max-snippet:-1, max-image-preview:large, max-video-preview:-1\" \/>\n<link rel=\"canonical\" href=\"https:\/\/www.msshkg.com.ba\/index.php\/opsteobrazovni-predmeti\/\" \/>\n<meta property=\"og:locale\" content=\"bs_BA\" \/>\n<meta property=\"og:type\" content=\"article\" \/>\n<meta property=\"og:title\" content=\"Op\u0107eobrazovni predmeti - Mje\u0161ovita srednja \u0161kola &quot;Hasan Kiki\u0107&quot; Grada\u010dac\" \/>\n<meta property=\"og:description\" content=\"Bosanski jezik i knji\u017eevnost Ze\u010di\u0107 Muzafera, prof. Musi\u0107 Fadil, prof. Hani\u0107 Jasmina, prof. Goleti\u0107 Asmira, prof. Bristri\u0107 Muamera, prof. Njema\u010dki jezik i knji\u017eevnost \u0106elosmanovi\u0107 Aida, prof. Engleski jezik \u0160e\u0107i\u0107 Selma, prof. Kujovi\u0107 Lejla, prof. Vehabovi\u0107 Vildana, prof. Bajri\u0107 Meliha, prof. Latinski jezik Historija \u0160aki\u0107 Enir, prof. Mujkanovi\u0107 Amir, prof. Sociologija Durakovi\u0107 Azra, prof. Demokratija i [&hellip;]\" \/>\n<meta property=\"og:url\" content=\"https:\/\/www.msshkg.com.ba\/index.php\/opsteobrazovni-predmeti\/\" \/>\n<meta property=\"og:site_name\" content=\"Mje\u0161ovita srednja \u0161kola &quot;Hasan Kiki\u0107&quot; Grada\u010dac\" \/>\n<meta property=\"article:modified_time\" content=\"2022-01-13T14:34:15+00:00\" \/>\n<meta name=\"twitter:card\" content=\"summary_large_image\" \/>\n<meta name=\"twitter:label1\" content=\"Est. reading time\" \/>\n\t<meta name=\"twitter:data1\" content=\"1 minuta\" \/>\n<script type=\"application\/ld+json\" class=\"yoast-schema-graph\">{\"@context\":\"https:\/\/schema.org\",\"@graph\":[{\"@type\":\"WebPage\",\"@id\":\"https:\/\/www.msshkg.com.ba\/index.php\/opsteobrazovni-predmeti\/\",\"url\":\"https:\/\/www.msshkg.com.ba\/index.php\/opsteobrazovni-predmeti\/\",\"name\":\"Op\u0107eobrazovni predmeti - Mje\u0161ovita srednja \u0161kola &quot;Hasan Kiki\u0107&quot; Grada\u010dac\",\"isPartOf\":{\"@id\":\"https:\/\/www.msshkg.com.ba\/#website\"},\"datePublished\":\"2022-01-12T10:50:50+00:00\",\"dateModified\":\"2022-01-13T14:34:15+00:00\",\"breadcrumb\":{\"@id\":\"https:\/\/www.msshkg.com.ba\/index.php\/opsteobrazovni-predmeti\/#breadcrumb\"},\"inLanguage\":\"bs-BA\",\"potentialAction\":[{\"@type\":\"ReadAction\",\"target\":[\"https:\/\/www.msshkg.com.ba\/index.php\/opsteobrazovni-predmeti\/\"]}]},{\"@type\":\"BreadcrumbList\",\"@id\":\"https:\/\/www.msshkg.com.ba\/index.php\/opsteobrazovni-predmeti\/#breadcrumb\",\"itemListElement\":[{\"@type\":\"ListItem\",\"position\":1,\"name\":\"Home\",\"item\":\"https:\/\/www.msshkg.com.ba\/\"},{\"@type\":\"ListItem\",\"position\":2,\"name\":\"Op\u0107eobrazovni predmeti\"}]},{\"@type\":\"WebSite\",\"@id\":\"https:\/\/www.msshkg.com.ba\/#website\",\"url\":\"https:\/\/www.msshkg.com.ba\/\",\"name\":\"Mje\u0161ovita srednja \u0161kola &quot;Hasan Kiki\u0107&quot; Grada\u010dac\",\"description\":\"\",\"publisher\":{\"@id\":\"https:\/\/www.msshkg.com.ba\/#organization\"},\"potentialAction\":[{\"@type\":\"SearchAction\",\"target\":{\"@type\":\"EntryPoint\",\"urlTemplate\":\"https:\/\/www.msshkg.com.ba\/?s={search_term_string}\"},\"query-input\":{\"@type\":\"PropertyValueSpecification\",\"valueRequired\":true,\"valueName\":\"search_term_string\"}}],\"inLanguage\":\"bs-BA\"},{\"@type\":\"Organization\",\"@id\":\"https:\/\/www.msshkg.com.ba\/#organization\",\"name\":\"Mje\u0161ovita srednja \u0161kola &quot;Hasan Kiki\u0107&quot; Grada\u010dac\",\"url\":\"https:\/\/www.msshkg.com.ba\/\",\"logo\":{\"@type\":\"ImageObject\",\"inLanguage\":\"bs-BA\",\"@id\":\"https:\/\/www.msshkg.com.ba\/#\/schema\/logo\/image\/\",\"url\":\"https:\/\/www.msshkg.com.ba\/wp-content\/uploads\/2022\/01\/LogoWeb2.jpg\",\"contentUrl\":\"https:\/\/www.msshkg.com.ba\/wp-content\/uploads\/2022\/01\/LogoWeb2.jpg\",\"width\":150,\"height\":150,\"caption\":\"Mje\u0161ovita srednja \u0161kola &quot;Hasan Kiki\u0107&quot; Grada\u010dac\"},\"image\":{\"@id\":\"https:\/\/www.msshkg.com.ba\/#\/schema\/logo\/image\/\"}}]}<\/script>\n<!-- \/ Yoast SEO plugin. -->","yoast_head_json":{"title":"Op\u0107eobrazovni predmeti - Mje\u0161ovita srednja \u0161kola &quot;Hasan Kiki\u0107&quot; Grada\u010dac","robots":{"index":"index","follow":"follow","max-snippet":"max-snippet:-1","max-image-preview":"max-image-preview:large","max-video-preview":"max-video-preview:-1"},"canonical":"https:\/\/www.msshkg.com.ba\/index.php\/opsteobrazovni-predmeti\/","og_locale":"bs_BA","og_type":"article","og_title":"Op\u0107eobrazovni predmeti - Mje\u0161ovita srednja \u0161kola &quot;Hasan Kiki\u0107&quot; Grada\u010dac","og_description":"Bosanski jezik i knji\u017eevnost Ze\u010di\u0107 Muzafera, prof. Musi\u0107 Fadil, prof. Hani\u0107 Jasmina, prof. Goleti\u0107 Asmira, prof. Bristri\u0107 Muamera, prof. Njema\u010dki jezik i knji\u017eevnost \u0106elosmanovi\u0107 Aida, prof. Engleski jezik \u0160e\u0107i\u0107 Selma, prof. Kujovi\u0107 Lejla, prof. Vehabovi\u0107 Vildana, prof. Bajri\u0107 Meliha, prof. Latinski jezik Historija \u0160aki\u0107 Enir, prof. Mujkanovi\u0107 Amir, prof. Sociologija Durakovi\u0107 Azra, prof. Demokratija i [&hellip;]","og_url":"https:\/\/www.msshkg.com.ba\/index.php\/opsteobrazovni-predmeti\/","og_site_name":"Mje\u0161ovita srednja \u0161kola &quot;Hasan Kiki\u0107&quot; Grada\u010dac","article_modified_time":"2022-01-13T14:34:15+00:00","twitter_card":"summary_large_image","twitter_misc":{"Est. reading time":"1 minuta"},"schema":{"@context":"https:\/\/schema.org","@graph":[{"@type":"WebPage","@id":"https:\/\/www.msshkg.com.ba\/index.php\/opsteobrazovni-predmeti\/","url":"https:\/\/www.msshkg.com.ba\/index.php\/opsteobrazovni-predmeti\/","name":"Op\u0107eobrazovni predmeti - Mje\u0161ovita srednja \u0161kola &quot;Hasan Kiki\u0107&quot; Grada\u010dac","isPartOf":{"@id":"https:\/\/www.msshkg.com.ba\/#website"},"datePublished":"2022-01-12T10:50:50+00:00","dateModified":"2022-01-13T14:34:15+00:00","breadcrumb":{"@id":"https:\/\/www.msshkg.com.ba\/index.php\/opsteobrazovni-predmeti\/#breadcrumb"},"inLanguage":"bs-BA","potentialAction":[{"@type":"ReadAction","target":["https:\/\/www.msshkg.com.ba\/index.php\/opsteobrazovni-predmeti\/"]}]},{"@type":"BreadcrumbList","@id":"https:\/\/www.msshkg.com.ba\/index.php\/opsteobrazovni-predmeti\/#breadcrumb","itemListElement":[{"@type":"ListItem","position":1,"name":"Home","item":"https:\/\/www.msshkg.com.ba\/"},{"@type":"ListItem","position":2,"name":"Op\u0107eobrazovni predmeti"}]},{"@type":"WebSite","@id":"https:\/\/www.msshkg.com.ba\/#website","url":"https:\/\/www.msshkg.com.ba\/","name":"Mje\u0161ovita srednja \u0161kola &quot;Hasan Kiki\u0107&quot; Grada\u010dac","description":"","publisher":{"@id":"https:\/\/www.msshkg.com.ba\/#organization"},"potentialAction":[{"@type":"SearchAction","target":{"@type":"EntryPoint","urlTemplate":"https:\/\/www.msshkg.com.ba\/?s={search_term_string}"},"query-input":{"@type":"PropertyValueSpecification","valueRequired":true,"valueName":"search_term_string"}}],"inLanguage":"bs-BA"},{"@type":"Organization","@id":"https:\/\/www.msshkg.com.ba\/#organization","name":"Mje\u0161ovita srednja \u0161kola &quot;Hasan Kiki\u0107&quot; Grada\u010dac","url":"https:\/\/www.msshkg.com.ba\/","logo":{"@type":"ImageObject","inLanguage":"bs-BA","@id":"https:\/\/www.msshkg.com.ba\/#\/schema\/logo\/image\/","url":"https:\/\/www.msshkg.com.ba\/wp-content\/uploads\/2022\/01\/LogoWeb2.jpg","contentUrl":"https:\/\/www.msshkg.com.ba\/wp-content\/uploads\/2022\/01\/LogoWeb2.jpg","width":150,"height":150,"caption":"Mje\u0161ovita srednja \u0161kola &quot;Hasan Kiki\u0107&quot; Grada\u010dac"},"image":{"@id":"https:\/\/www.msshkg.com.ba\/#\/schema\/logo\/image\/"}}]}},"_links":{"self":[{"href":"https:\/\/www.msshkg.com.ba\/index.php\/wp-json\/wp\/v2\/pages\/408","targetHints":{"allow":["GET"]}}],"collection":[{"href":"https:\/\/www.msshkg.com.ba\/index.php\/wp-json\/wp\/v2\/pages"}],"about":[{"href":"https:\/\/www.msshkg.com.ba\/index.php\/wp-json\/wp\/v2\/types\/page"}],"author":[{"embeddable":true,"href":"https:\/\/www.msshkg.com.ba\/index.php\/wp-json\/wp\/v2\/users\/1"}],"replies":[{"embeddable":true,"href":"https:\/\/www.msshkg.com.ba\/index.php\/wp-json\/wp\/v2\/comments?post=408"}],"version-history":[{"count":3,"href":"https:\/\/www.msshkg.com.ba\/index.php\/wp-json\/wp\/v2\/pages\/408\/revisions"}],"predecessor-version":[{"id":559,"href":"https:\/\/www.msshkg.com.ba\/index.php\/wp-json\/wp\/v2\/pages\/408\/revisions\/559"}],"wp:attachment":[{"href":"https:\/\/www.msshkg.com.ba\/index.php\/wp-json\/wp\/v2\/media?parent=408"}],"curies":[{"name":"wp","href":"https:\/\/api.w.org\/{rel}","templated":true}]}}