{"id":1406,"date":"2023-10-12T11:20:45","date_gmt":"2023-10-12T09:20:45","guid":{"rendered":"https:\/\/www.msshkg.com.ba\/?page_id=1406"},"modified":"2024-03-04T13:31:46","modified_gmt":"2024-03-04T12:31:46","slug":"informacije-za-roditelje","status":"publish","type":"page","link":"https:\/\/www.msshkg.com.ba\/index.php\/informacije-za-roditelje\/","title":{"rendered":"Informacije za roditelje"},"content":{"rendered":"<div class=\"_df_book df-lite\" id=\"df_1483\"  _slug=\"infozaroditelje\" data-title=\"infozaroditelje\" wpoptions=\"true\" thumbtype=\"\" ><\/div><script class=\"df-shortcode-script\" nowprocket type=\"application\/javascript\">window.option_df_1483 = {\"outline\":[],\"autoEnableOutline\":\"false\",\"autoEnableThumbnail\":\"false\",\"overwritePDFOutline\":\"false\",\"enableDownload\":\"false\",\"direction\":\"1\",\"pageSize\":\"0\",\"source\":\"https:\\\/\\\/www.msshkg.com.ba\\\/wp-content\\\/uploads\\\/2024\\\/03\\\/INFORMACIJE-ZA-RODITELJE.pdf\",\"wpOptions\":\"true\"}; if(window.DFLIP && window.DFLIP.parseBooks){window.DFLIP.parseBooks();}<\/script>\n","protected":false},"excerpt":{"rendered":"","protected":false},"author":1,"featured_media":0,"parent":0,"menu_order":0,"comment_status":"closed","ping_status":"closed","template":"","meta":{"_bbp_topic_count":0,"_bbp_reply_count":0,"_bbp_total_topic_count":0,"_bbp_total_reply_count":0,"_bbp_voice_count":0,"_bbp_anonymous_reply_count":0,"_bbp_topic_count_hidden":0,"_bbp_reply_count_hidden":0,"_bbp_forum_subforum_count":0,"footnotes":""},"class_list":["post-1406","page","type-page","status-publish","hentry"],"yoast_head":"<!-- This site is optimized with the Yoast SEO plugin v26.0 - https:\/\/yoast.com\/wordpress\/plugins\/seo\/ -->\n<title>Informacije za roditelje - Mje\u0161ovita srednja \u0161kola &quot;Hasan Kiki\u0107&quot; Grada\u010dac<\/title>\n<meta name=\"robots\" content=\"index, follow, max-snippet:-1, max-image-preview:large, max-video-preview:-1\" \/>\n<link rel=\"canonical\" href=\"https:\/\/www.msshkg.com.ba\/index.php\/informacije-za-roditelje\/\" \/>\n<meta property=\"og:locale\" content=\"bs_BA\" \/>\n<meta property=\"og:type\" content=\"article\" \/>\n<meta property=\"og:title\" content=\"Informacije za roditelje - Mje\u0161ovita srednja \u0161kola &quot;Hasan Kiki\u0107&quot; Grada\u010dac\" \/>\n<meta property=\"og:url\" content=\"https:\/\/www.msshkg.com.ba\/index.php\/informacije-za-roditelje\/\" \/>\n<meta property=\"og:site_name\" content=\"Mje\u0161ovita srednja \u0161kola &quot;Hasan Kiki\u0107&quot; Grada\u010dac\" \/>\n<meta property=\"article:modified_time\" content=\"2024-03-04T12:31:46+00:00\" \/>\n<meta name=\"twitter:card\" content=\"summary_large_image\" \/>\n<meta name=\"twitter:label1\" content=\"Est. reading time\" \/>\n\t<meta name=\"twitter:data1\" content=\"1 minuta\" \/>\n<script type=\"application\/ld+json\" class=\"yoast-schema-graph\">{\"@context\":\"https:\/\/schema.org\",\"@graph\":[{\"@type\":\"WebPage\",\"@id\":\"https:\/\/www.msshkg.com.ba\/index.php\/informacije-za-roditelje\/\",\"url\":\"https:\/\/www.msshkg.com.ba\/index.php\/informacije-za-roditelje\/\",\"name\":\"Informacije za roditelje - Mje\u0161ovita srednja \u0161kola &quot;Hasan Kiki\u0107&quot; Grada\u010dac\",\"isPartOf\":{\"@id\":\"https:\/\/www.msshkg.com.ba\/#website\"},\"datePublished\":\"2023-10-12T09:20:45+00:00\",\"dateModified\":\"2024-03-04T12:31:46+00:00\",\"breadcrumb\":{\"@id\":\"https:\/\/www.msshkg.com.ba\/index.php\/informacije-za-roditelje\/#breadcrumb\"},\"inLanguage\":\"bs-BA\",\"potentialAction\":[{\"@type\":\"ReadAction\",\"target\":[\"https:\/\/www.msshkg.com.ba\/index.php\/informacije-za-roditelje\/\"]}]},{\"@type\":\"BreadcrumbList\",\"@id\":\"https:\/\/www.msshkg.com.ba\/index.php\/informacije-za-roditelje\/#breadcrumb\",\"itemListElement\":[{\"@type\":\"ListItem\",\"position\":1,\"name\":\"Home\",\"item\":\"https:\/\/www.msshkg.com.ba\/\"},{\"@type\":\"ListItem\",\"position\":2,\"name\":\"Informacije za roditelje\"}]},{\"@type\":\"WebSite\",\"@id\":\"https:\/\/www.msshkg.com.ba\/#website\",\"url\":\"https:\/\/www.msshkg.com.ba\/\",\"name\":\"Mje\u0161ovita srednja \u0161kola &quot;Hasan Kiki\u0107&quot; Grada\u010dac\",\"description\":\"\",\"publisher\":{\"@id\":\"https:\/\/www.msshkg.com.ba\/#organization\"},\"potentialAction\":[{\"@type\":\"SearchAction\",\"target\":{\"@type\":\"EntryPoint\",\"urlTemplate\":\"https:\/\/www.msshkg.com.ba\/?s={search_term_string}\"},\"query-input\":{\"@type\":\"PropertyValueSpecification\",\"valueRequired\":true,\"valueName\":\"search_term_string\"}}],\"inLanguage\":\"bs-BA\"},{\"@type\":\"Organization\",\"@id\":\"https:\/\/www.msshkg.com.ba\/#organization\",\"name\":\"Mje\u0161ovita srednja \u0161kola &quot;Hasan Kiki\u0107&quot; Grada\u010dac\",\"url\":\"https:\/\/www.msshkg.com.ba\/\",\"logo\":{\"@type\":\"ImageObject\",\"inLanguage\":\"bs-BA\",\"@id\":\"https:\/\/www.msshkg.com.ba\/#\/schema\/logo\/image\/\",\"url\":\"https:\/\/www.msshkg.com.ba\/wp-content\/uploads\/2022\/01\/LogoWeb2.jpg\",\"contentUrl\":\"https:\/\/www.msshkg.com.ba\/wp-content\/uploads\/2022\/01\/LogoWeb2.jpg\",\"width\":150,\"height\":150,\"caption\":\"Mje\u0161ovita srednja \u0161kola &quot;Hasan Kiki\u0107&quot; Grada\u010dac\"},\"image\":{\"@id\":\"https:\/\/www.msshkg.com.ba\/#\/schema\/logo\/image\/\"}}]}<\/script>\n<!-- \/ Yoast SEO plugin. -->","yoast_head_json":{"title":"Informacije za roditelje - Mje\u0161ovita srednja \u0161kola &quot;Hasan Kiki\u0107&quot; Grada\u010dac","robots":{"index":"index","follow":"follow","max-snippet":"max-snippet:-1","max-image-preview":"max-image-preview:large","max-video-preview":"max-video-preview:-1"},"canonical":"https:\/\/www.msshkg.com.ba\/index.php\/informacije-za-roditelje\/","og_locale":"bs_BA","og_type":"article","og_title":"Informacije za roditelje - Mje\u0161ovita srednja \u0161kola &quot;Hasan Kiki\u0107&quot; Grada\u010dac","og_url":"https:\/\/www.msshkg.com.ba\/index.php\/informacije-za-roditelje\/","og_site_name":"Mje\u0161ovita srednja \u0161kola &quot;Hasan Kiki\u0107&quot; Grada\u010dac","article_modified_time":"2024-03-04T12:31:46+00:00","twitter_card":"summary_large_image","twitter_misc":{"Est. reading time":"1 minuta"},"schema":{"@context":"https:\/\/schema.org","@graph":[{"@type":"WebPage","@id":"https:\/\/www.msshkg.com.ba\/index.php\/informacije-za-roditelje\/","url":"https:\/\/www.msshkg.com.ba\/index.php\/informacije-za-roditelje\/","name":"Informacije za roditelje - Mje\u0161ovita srednja \u0161kola &quot;Hasan Kiki\u0107&quot; Grada\u010dac","isPartOf":{"@id":"https:\/\/www.msshkg.com.ba\/#website"},"datePublished":"2023-10-12T09:20:45+00:00","dateModified":"2024-03-04T12:31:46+00:00","breadcrumb":{"@id":"https:\/\/www.msshkg.com.ba\/index.php\/informacije-za-roditelje\/#breadcrumb"},"inLanguage":"bs-BA","potentialAction":[{"@type":"ReadAction","target":["https:\/\/www.msshkg.com.ba\/index.php\/informacije-za-roditelje\/"]}]},{"@type":"BreadcrumbList","@id":"https:\/\/www.msshkg.com.ba\/index.php\/informacije-za-roditelje\/#breadcrumb","itemListElement":[{"@type":"ListItem","position":1,"name":"Home","item":"https:\/\/www.msshkg.com.ba\/"},{"@type":"ListItem","position":2,"name":"Informacije za roditelje"}]},{"@type":"WebSite","@id":"https:\/\/www.msshkg.com.ba\/#website","url":"https:\/\/www.msshkg.com.ba\/","name":"Mje\u0161ovita srednja \u0161kola &quot;Hasan Kiki\u0107&quot; Grada\u010dac","description":"","publisher":{"@id":"https:\/\/www.msshkg.com.ba\/#organization"},"potentialAction":[{"@type":"SearchAction","target":{"@type":"EntryPoint","urlTemplate":"https:\/\/www.msshkg.com.ba\/?s={search_term_string}"},"query-input":{"@type":"PropertyValueSpecification","valueRequired":true,"valueName":"search_term_string"}}],"inLanguage":"bs-BA"},{"@type":"Organization","@id":"https:\/\/www.msshkg.com.ba\/#organization","name":"Mje\u0161ovita srednja \u0161kola &quot;Hasan Kiki\u0107&quot; Grada\u010dac","url":"https:\/\/www.msshkg.com.ba\/","logo":{"@type":"ImageObject","inLanguage":"bs-BA","@id":"https:\/\/www.msshkg.com.ba\/#\/schema\/logo\/image\/","url":"https:\/\/www.msshkg.com.ba\/wp-content\/uploads\/2022\/01\/LogoWeb2.jpg","contentUrl":"https:\/\/www.msshkg.com.ba\/wp-content\/uploads\/2022\/01\/LogoWeb2.jpg","width":150,"height":150,"caption":"Mje\u0161ovita srednja \u0161kola &quot;Hasan Kiki\u0107&quot; Grada\u010dac"},"image":{"@id":"https:\/\/www.msshkg.com.ba\/#\/schema\/logo\/image\/"}}]}},"_links":{"self":[{"href":"https:\/\/www.msshkg.com.ba\/index.php\/wp-json\/wp\/v2\/pages\/1406","targetHints":{"allow":["GET"]}}],"collection":[{"href":"https:\/\/www.msshkg.com.ba\/index.php\/wp-json\/wp\/v2\/pages"}],"about":[{"href":"https:\/\/www.msshkg.com.ba\/index.php\/wp-json\/wp\/v2\/types\/page"}],"author":[{"embeddable":true,"href":"https:\/\/www.msshkg.com.ba\/index.php\/wp-json\/wp\/v2\/users\/1"}],"replies":[{"embeddable":true,"href":"https:\/\/www.msshkg.com.ba\/index.php\/wp-json\/wp\/v2\/comments?post=1406"}],"version-history":[{"count":6,"href":"https:\/\/www.msshkg.com.ba\/index.php\/wp-json\/wp\/v2\/pages\/1406\/revisions"}],"predecessor-version":[{"id":1489,"href":"https:\/\/www.msshkg.com.ba\/index.php\/wp-json\/wp\/v2\/pages\/1406\/revisions\/1489"}],"wp:attachment":[{"href":"https:\/\/www.msshkg.com.ba\/index.php\/wp-json\/wp\/v2\/media?parent=1406"}],"curies":[{"name":"wp","href":"https:\/\/api.w.org\/{rel}","templated":true}]}}